{"id":54,"date":"2025-11-08T05:28:16","date_gmt":"2025-11-08T05:28:16","guid":{"rendered":"https:\/\/bundaumamtom.site\/?page_id=54"},"modified":"2025-12-03T10:05:51","modified_gmt":"2025-12-03T10:05:51","slug":"trang-chu","status":"publish","type":"page","link":"https:\/\/bundaumamtom.site\/","title":{"rendered":"Trang Ch\u1ee7"},"content":{"rendered":"\n\n\t<section class=\"section\" id=\"section_477463956\">\n\t\t<div class=\"section-bg fill\" >\n\t\t\t\t\t\t\t<div class=\"video-overlay no-click fill visible\"><\/div>\n\t<video class=\"video-bg fill visible\" preload playsinline autoplay muted loop>\n\t\t<source src=\"https:\/\/bundaumamtom.site\/wp-content\/uploads\/2025\/12\/Landing-kbbet-BG.webm\" type=\"video\/webm\">\t<\/video>\n\t\t\t<div class=\"loading-spin centered\"><\/div>\n\t\t\t\n\n\t\t<\/div>\n\n\t\t\n\n\t\t<div class=\"section-content relative\">\n\t\t\t\n\n<div class=\"is-divider divider clearfix\" style=\"margin-top:0px;margin-bottom:0px;max-width:0px;height:250px;\"><\/div>\n\n<div class=\"row align-center\"  id=\"row-1409003071\">\n\n\n\t<div id=\"col-1774790438\" class=\"col medium-4 small-4 large-4\"  >\n\t\t\t\t<div class=\"col-inner\"  >\n\t\t\t\n\t<div class=\"is-border\"\n\t\tstyle=\"border-width:0px 0px 0px 0px;margin:0px 0px 0px 0px;\">\n\t<\/div>\n\t\t\t\n\n\t<div class=\"img has-hover x md-x lg-x y md-y lg-y\" id=\"image_1651497849\">\n\t\t<a class=\"\" href=\"https:\/\/spbetvn01.com\/vit\/home\/index\/inplay?code=10197&#038;isReg=1\" >\t\t\t\t\t\t<div class=\"img-inner dark\" style=\"margin:0px 0px -20px 0px;\">\n\t\t\t<img decoding=\"async\" width=\"300\" height=\"300\" src=\"https:\/\/bundaumamtom.site\/wp-content\/uploads\/2025\/12\/An-toan-bao-mat.gif\" class=\"attachment-medium size-medium\" alt=\"\" \/>\t\t\t\t\t\t\n\t\t\t\t\t<\/div>\n\t\t\t\t\t\t<\/a>\t\t\n<style>\n#image_1651497849 {\n  width: 100%;\n}\n<\/style>\n\t<\/div>\n\t\n\n\t<div id=\"text-2365699528\" class=\"text\">\n\t\t\n\n<p style=\"text-align: center;\"><strong>An to\u00e0n &amp; B\u1ea3o m\u1eadt<\/strong><\/p>\n\t\t\n<style>\n#text-2365699528 {\n  color: rgb(255, 255, 255);\n}\n#text-2365699528 > * {\n  color: rgb(255, 255, 255);\n}\n<\/style>\n\t<\/div>\n\t\n\n\t\t<\/div>\n\t\t\t\t\t<\/div>\n\n\t\n\n\t<div id=\"col-931573544\" class=\"col medium-4 small-4 large-4\"  >\n\t\t\t\t<div class=\"col-inner\"  >\n\t\t\t\n\t\t\t\n\n\t<div class=\"img has-hover x md-x lg-x y md-y lg-y\" id=\"image_1605447626\">\n\t\t<a class=\"\" href=\"https:\/\/spbetvn01.com\/vit\/home\/index\/inplay?code=10197&#038;isReg=1\" >\t\t\t\t\t\t<div class=\"img-inner dark\" style=\"margin:0px 0px -20px 0px;\">\n\t\t\t<img decoding=\"async\" width=\"300\" height=\"300\" src=\"https:\/\/bundaumamtom.site\/wp-content\/uploads\/2025\/12\/Nap-rut-da-dang.gif\" class=\"attachment-medium size-medium\" alt=\"\" \/>\t\t\t\t\t\t\n\t\t\t\t\t<\/div>\n\t\t\t\t\t\t<\/a>\t\t\n<style>\n#image_1605447626 {\n  width: 100%;\n}\n<\/style>\n\t<\/div>\n\t\n\n\t<div id=\"text-3942587388\" class=\"text\">\n\t\t\n\n<p style=\"text-align: center;\"><strong>N\u1ea1p r\u00fat nhanh ch\u00f3ng<\/strong><\/p>\n\t\t\n<style>\n#text-3942587388 {\n  text-align: center;\n  color: rgb(255, 255, 255);\n}\n#text-3942587388 > * {\n  color: rgb(255, 255, 255);\n}\n<\/style>\n\t<\/div>\n\t\n\n\t\t<\/div>\n\t\t\t\t\n<style>\n#col-931573544 > .col-inner {\n  margin: 0px 0px 0px 0px;\n}\n<\/style>\n\t<\/div>\n\n\t\n\n\t<div id=\"col-728772029\" class=\"col medium-4 small-4 large-4\"  >\n\t\t\t\t<div class=\"col-inner\"  >\n\t\t\t\n\t\t\t\n\n\t<div class=\"img has-hover x md-x lg-x y md-y lg-y\" id=\"image_1999248957\">\n\t\t<a class=\"\" href=\"https:\/\/spbetvn01.com\/vit\/home\/index\/inplay?code=10197&#038;isReg=1\" >\t\t\t\t\t\t<div class=\"img-inner dark\" style=\"margin:0px 0px -20px 0px;\">\n\t\t\t<img decoding=\"async\" width=\"300\" height=\"300\" src=\"https:\/\/bundaumamtom.site\/wp-content\/uploads\/2025\/12\/Game-da-dang.gif\" class=\"attachment-medium size-medium\" alt=\"\" \/>\t\t\t\t\t\t\n\t\t\t\t\t<\/div>\n\t\t\t\t\t\t<\/a>\t\t\n<style>\n#image_1999248957 {\n  width: 100%;\n}\n<\/style>\n\t<\/div>\n\t\n\n\t<div id=\"text-2251105392\" class=\"text\">\n\t\t\n\n<p style=\"text-align: center;\"><strong>\u0110a d\u1ea1ng tr\u00f2 ch\u01a1i<\/strong><\/p>\n\t\t\n<style>\n#text-2251105392 {\n  text-align: center;\n  color: rgb(255, 255, 255);\n}\n#text-2251105392 > * {\n  color: rgb(255, 255, 255);\n}\n<\/style>\n\t<\/div>\n\t\n\n\t\t<\/div>\n\t\t\t\t\n<style>\n#col-728772029 > .col-inner {\n  margin: 0px 0px 0px 0px;\n}\n<\/style>\n\t<\/div>\n\n\t\n\n<\/div>\n<div class=\"slider-wrapper relative\" id=\"slider-1247435281\" >\n    <div class=\"slider slider-nav-circle slider-nav-normal slider-nav-light slider-style-normal\"\n        data-flickity-options='{\n            \"cellAlign\": \"center\",\n            \"imagesLoaded\": true,\n            \"lazyLoad\": 1,\n            \"freeScroll\": true,\n            \"wrapAround\": true,\n            \"autoPlay\": 1200,\n            \"pauseAutoPlayOnHover\" : true,\n            \"prevNextButtons\": false,\n            \"contain\" : true,\n            \"adaptiveHeight\" : true,\n            \"dragThreshold\" : 10,\n            \"percentPosition\": true,\n            \"pageDots\": true,\n            \"rightToLeft\": false,\n            \"draggable\": true,\n            \"selectedAttraction\": 0.1,\n            \"parallax\" : 0,\n            \"friction\": 0.6        }'\n        >\n        \n\n\t<div class=\"img has-hover x md-x lg-x y md-y lg-y\" id=\"image_1126762415\">\n\t\t\t\t\t\t\t\t<div class=\"img-inner dark\" style=\"margin:0px 20px 0px 20px;\">\n\t\t\t<img decoding=\"async\" width=\"710\" height=\"324\" src=\"https:\/\/bundaumamtom.site\/wp-content\/uploads\/2025\/12\/Moi-ban-thuong-nong-200K.webp\" class=\"attachment-large size-large\" alt=\"\" srcset=\"https:\/\/bundaumamtom.site\/wp-content\/uploads\/2025\/12\/Moi-ban-thuong-nong-200K.webp 710w, https:\/\/bundaumamtom.site\/wp-content\/uploads\/2025\/12\/Moi-ban-thuong-nong-200K-300x137.webp 300w\" sizes=\"(max-width: 710px) 100vw, 710px\" \/>\t\t\t\t\t\t\n\t\t\t\t\t<\/div>\n\t\t\t\t\t\t\t\t\n<style>\n#image_1126762415 {\n  width: 100%;\n}\n<\/style>\n\t<\/div>\n\t\n\n\t<div class=\"img has-hover x md-x lg-x y md-y lg-y\" id=\"image_707443017\">\n\t\t\t\t\t\t\t\t<div class=\"img-inner dark\" style=\"margin:0px 20px 0px 20px;\">\n\t\t\t<img decoding=\"async\" width=\"710\" height=\"324\" src=\"https:\/\/bundaumamtom.site\/wp-content\/uploads\/2025\/12\/Chao-tan-thu-tan-thu-nhan-qua-88d-mien-phi.webp\" class=\"attachment-original size-original\" alt=\"\" srcset=\"https:\/\/bundaumamtom.site\/wp-content\/uploads\/2025\/12\/Chao-tan-thu-tan-thu-nhan-qua-88d-mien-phi.webp 710w, https:\/\/bundaumamtom.site\/wp-content\/uploads\/2025\/12\/Chao-tan-thu-tan-thu-nhan-qua-88d-mien-phi-300x137.webp 300w\" sizes=\"(max-width: 710px) 100vw, 710px\" \/>\t\t\t\t\t\t\n\t\t\t\t\t<\/div>\n\t\t\t\t\t\t\t\t\n<style>\n#image_707443017 {\n  width: 100%;\n}\n<\/style>\n\t<\/div>\n\t\n\n\t<div class=\"img has-hover x md-x lg-x y md-y lg-y\" id=\"image_578201226\">\n\t\t\t\t\t\t\t\t<div class=\"img-inner dark\" style=\"margin:0px 20px 0px 20px;\">\n\t\t\t<img decoding=\"async\" width=\"710\" height=\"324\" src=\"https:\/\/bundaumamtom.site\/wp-content\/uploads\/2025\/12\/Dac-quyen-VIP-Thuong-thang.webp\" class=\"attachment-original size-original\" alt=\"\" srcset=\"https:\/\/bundaumamtom.site\/wp-content\/uploads\/2025\/12\/Dac-quyen-VIP-Thuong-thang.webp 710w, https:\/\/bundaumamtom.site\/wp-content\/uploads\/2025\/12\/Dac-quyen-VIP-Thuong-thang-300x137.webp 300w\" sizes=\"(max-width: 710px) 100vw, 710px\" \/>\t\t\t\t\t\t\n\t\t\t\t\t<\/div>\n\t\t\t\t\t\t\t\t\n<style>\n#image_578201226 {\n  width: 100%;\n}\n<\/style>\n\t<\/div>\n\t\n\n\t<div class=\"img has-hover x md-x lg-x y md-y lg-y\" id=\"image_514173739\">\n\t\t\t\t\t\t\t\t<div class=\"img-inner dark\" style=\"margin:0px 20px 0px 20px;\">\n\t\t\t<img decoding=\"async\" width=\"710\" height=\"324\" src=\"https:\/\/bundaumamtom.site\/wp-content\/uploads\/2025\/12\/Thuong-5-tien-nap-ngay-vang.webp\" class=\"attachment-original size-original\" alt=\"\" srcset=\"https:\/\/bundaumamtom.site\/wp-content\/uploads\/2025\/12\/Thuong-5-tien-nap-ngay-vang.webp 710w, https:\/\/bundaumamtom.site\/wp-content\/uploads\/2025\/12\/Thuong-5-tien-nap-ngay-vang-300x137.webp 300w\" sizes=\"(max-width: 710px) 100vw, 710px\" \/>\t\t\t\t\t\t\n\t\t\t\t\t<\/div>\n\t\t\t\t\t\t\t\t\n<style>\n#image_514173739 {\n  width: 100%;\n}\n<\/style>\n\t<\/div>\n\t\n\n\n     <\/div>\n\n     <div class=\"loading-spin dark large centered\"><\/div>\n\n\t<\/div>\n\n\n\n\t\t<\/div>\n\n\t\t\n<style>\n#section_477463956 {\n  padding-top: 20px;\n  padding-bottom: 20px;\n  background-color: rgb(11, 25, 44);\n}\n@media (min-width:550px) {\n  #section_477463956 {\n    padding-top: 30px;\n    padding-bottom: 30px;\n  }\n}\n<\/style>\n\t<\/section>\n\t\n\n\t<section class=\"section\" id=\"section_1619486428\">\n\t\t<div class=\"section-bg fill\" >\n\t\t\t\t\t\t\t\t\t\n\t\t\t\n\n\t\t<\/div>\n\n\t\t\n\n\t\t<div class=\"section-content relative\">\n\t\t\t\n\n<div class=\"row\"  id=\"row-638385803\">\n\n\n\t<div id=\"col-80146339\" class=\"col large-12\"  >\n\t\t\t\t<div class=\"col-inner text-center\"  >\n\t\t\t\n\t\t\t\n\n\n\n<a href=\"https:\/\/kbbet03.com\/?id=695911002\" \n   class=\"highlight-button\" \n   target=\"_blank\" \n   rel=\"noopener noreferrer\">\n   LINK \u0110\u0102NG K\u00dd &#8211; KBBET\n<\/a>\n\n\n\t\t<\/div>\n\t\t\t\t\n<style>\n#col-80146339 > .col-inner {\n  margin: 0px 0px -20px 0px;\n}\n<\/style>\n\t<\/div>\n\n\t\n\n<\/div>\n<div class=\"container section-title-container\" ><h3 class=\"section-title section-title-center\"><b><\/b><span class=\"section-title-main\" style=\"color:rgb(0, 255, 255);\"><i class=\"icon-certificate\" ><\/i>KBBET \u2013 N\u1ec1n t\u1ea3ng gi\u1ea3i tr\u00ed \u0111\u1eb3ng c\u1ea5p ch\u00e2u \u00c1<\/span><b><\/b><\/h3><\/div>\n\n\t<div id=\"text-3816383839\" class=\"text\">\n\t\t\n\n<p style=\"margin-left: 20px; margin-right: 20px; text-align: justify;\">\n KBBET mang \u0111\u1ebfn tr\u1ea3i nghi\u1ec7m c\u00e1 c\u01b0\u1ee3c an to\u00e0n \u2013 n\u1ea1p r\u00fat nhanh \u2013 \u0111a d\u1ea1ng tr\u00f2 ch\u01a1i. V\u1edbi gi\u1ea5y ph\u00e9p ho\u1ea1t \u0111\u1ed9ng qu\u1ed1c t\u1ebf, KBBET cam k\u1ebft b\u1ea3o m\u1eadt tuy\u1ec7t \u0111\u1ed1i v\u00e0 minh b\u1ea1ch trong t\u1eebng giao d\u1ecbch.\n<\/p>\n\t\t\n<style>\n#text-3816383839 {\n  color: rgb(255, 255, 255);\n}\n#text-3816383839 > * {\n  color: rgb(255, 255, 255);\n}\n<\/style>\n\t<\/div>\n\t\n<div class=\"container section-title-container\" ><h3 class=\"section-title section-title-center\"><b><\/b><span class=\"section-title-main\" style=\"color:rgb(0, 255, 255);\"><i class=\"icon-certificate\" ><\/i>KHUY\u1ebeN M\u00c3I CHO THANH VI\u00caN KBBET<\/span><b><\/b><\/h3><\/div>\n\n<div class=\"row\"  id=\"row-689366415\">\n\n\n\t<div id=\"col-508439813\" class=\"col medium-6 small-6 large-6\"  >\n\t\t\t\t<div class=\"col-inner\"  >\n\t\t\t\n\t\t\t\n\n\t<div class=\"img has-hover x md-x lg-x y md-y lg-y\" id=\"image_1540625468\">\n\t\t<a class=\"\" href=\"https:\/\/kbbet03.com\/?id=695911002\" >\t\t\t\t\t\t<div class=\"img-inner dark\" >\n\t\t\t<img decoding=\"async\" width=\"455\" height=\"280\" src=\"https:\/\/bundaumamtom.site\/wp-content\/uploads\/2025\/12\/Dang-ky-tai-khoan-88k-Copy.webp\" class=\"attachment-large size-large\" alt=\"\" srcset=\"https:\/\/bundaumamtom.site\/wp-content\/uploads\/2025\/12\/Dang-ky-tai-khoan-88k-Copy.webp 455w, https:\/\/bundaumamtom.site\/wp-content\/uploads\/2025\/12\/Dang-ky-tai-khoan-88k-Copy-300x185.webp 300w\" sizes=\"(max-width: 455px) 100vw, 455px\" \/>\t\t\t\t\t\t\n\t\t\t\t\t<\/div>\n\t\t\t\t\t\t<\/a>\t\t\n<style>\n#image_1540625468 {\n  width: 100%;\n}\n<\/style>\n\t<\/div>\n\t\n\n\t<div class=\"img has-hover x md-x lg-x y md-y lg-y\" id=\"image_1918914794\">\n\t\t<a class=\"\" href=\"https:\/\/kbbet03.com\/?id=695911002\" >\t\t\t\t\t\t<div class=\"img-inner dark\" >\n\t\t\t<img decoding=\"async\" width=\"455\" height=\"280\" src=\"https:\/\/bundaumamtom.site\/wp-content\/uploads\/2025\/12\/Thuong-cuoc-moi-ngay-the-thao.webp\" class=\"attachment-large size-large\" alt=\"\" srcset=\"https:\/\/bundaumamtom.site\/wp-content\/uploads\/2025\/12\/Thuong-cuoc-moi-ngay-the-thao.webp 455w, https:\/\/bundaumamtom.site\/wp-content\/uploads\/2025\/12\/Thuong-cuoc-moi-ngay-the-thao-300x185.webp 300w\" sizes=\"(max-width: 455px) 100vw, 455px\" \/>\t\t\t\t\t\t\n\t\t\t\t\t<\/div>\n\t\t\t\t\t\t<\/a>\t\t\n<style>\n#image_1918914794 {\n  width: 100%;\n}\n<\/style>\n\t<\/div>\n\t\n\n\t<div class=\"img has-hover x md-x lg-x y md-y lg-y\" id=\"image_802387726\">\n\t\t<a class=\"\" href=\"https:\/\/kbbet03.com\/?id=695911002\" >\t\t\t\t\t\t<div class=\"img-inner dark\" >\n\t\t\t<img decoding=\"async\" width=\"455\" height=\"280\" src=\"https:\/\/bundaumamtom.site\/wp-content\/uploads\/2025\/12\/Phuc-loi-casino-doc-quyen.png\" class=\"attachment-large size-large\" alt=\"\" srcset=\"https:\/\/bundaumamtom.site\/wp-content\/uploads\/2025\/12\/Phuc-loi-casino-doc-quyen.png 455w, https:\/\/bundaumamtom.site\/wp-content\/uploads\/2025\/12\/Phuc-loi-casino-doc-quyen-300x185.png 300w\" sizes=\"(max-width: 455px) 100vw, 455px\" \/>\t\t\t\t\t\t\n\t\t\t\t\t<\/div>\n\t\t\t\t\t\t<\/a>\t\t\n<style>\n#image_802387726 {\n  width: 100%;\n}\n<\/style>\n\t<\/div>\n\t\n\n\n\t\t<\/div>\n\t\t\t\t\t<\/div>\n\n\t\n\n\t<div id=\"col-357106490\" class=\"col medium-6 small-6 large-6\"  >\n\t\t\t\t<div class=\"col-inner\"  >\n\t\t\t\n\t\t\t\n\n\t<div class=\"img has-hover x md-x lg-x y md-y lg-y\" id=\"image_95579764\">\n\t\t<a class=\"\" href=\"https:\/\/kbbet03.com\/?id=695911002\" >\t\t\t\t\t\t<div class=\"img-inner dark\" >\n\t\t\t<img decoding=\"async\" width=\"455\" height=\"280\" src=\"https:\/\/bundaumamtom.site\/wp-content\/uploads\/2025\/12\/Moi-ban-thuong-nong-200k-Copy.webp\" class=\"attachment-large size-large\" alt=\"\" srcset=\"https:\/\/bundaumamtom.site\/wp-content\/uploads\/2025\/12\/Moi-ban-thuong-nong-200k-Copy.webp 455w, https:\/\/bundaumamtom.site\/wp-content\/uploads\/2025\/12\/Moi-ban-thuong-nong-200k-Copy-300x185.webp 300w\" sizes=\"(max-width: 455px) 100vw, 455px\" \/>\t\t\t\t\t\t\n\t\t\t\t\t<\/div>\n\t\t\t\t\t\t<\/a>\t\t\n<style>\n#image_95579764 {\n  width: 100%;\n}\n<\/style>\n\t<\/div>\n\t\n\n\t<div class=\"img has-hover x md-x lg-x y md-y lg-y\" id=\"image_422112883\">\n\t\t<a class=\"\" href=\"https:\/\/kbbet03.com\/?id=695911002\" >\t\t\t\t\t\t<div class=\"img-inner dark\" >\n\t\t\t<img decoding=\"async\" width=\"455\" height=\"280\" src=\"https:\/\/bundaumamtom.site\/wp-content\/uploads\/2025\/12\/Dac-quyen-VIp-trang-chu.webp\" class=\"attachment-large size-large\" alt=\"\" srcset=\"https:\/\/bundaumamtom.site\/wp-content\/uploads\/2025\/12\/Dac-quyen-VIp-trang-chu.webp 455w, https:\/\/bundaumamtom.site\/wp-content\/uploads\/2025\/12\/Dac-quyen-VIp-trang-chu-300x185.webp 300w\" sizes=\"(max-width: 455px) 100vw, 455px\" \/>\t\t\t\t\t\t\n\t\t\t\t\t<\/div>\n\t\t\t\t\t\t<\/a>\t\t\n<style>\n#image_422112883 {\n  width: 100%;\n}\n<\/style>\n\t<\/div>\n\t\n\n\t<div class=\"img has-hover x md-x lg-x y md-y lg-y\" id=\"image_122813933\">\n\t\t<a class=\"\" href=\"https:\/\/kbbet03.com\/?id=695911002\" >\t\t\t\t\t\t<div class=\"img-inner dark\" >\n\t\t\t<img decoding=\"async\" width=\"455\" height=\"280\" src=\"https:\/\/bundaumamtom.site\/wp-content\/uploads\/2025\/12\/Ve-cuoc-may-man-88-2.webp\" class=\"attachment-large size-large\" alt=\"\" srcset=\"https:\/\/bundaumamtom.site\/wp-content\/uploads\/2025\/12\/Ve-cuoc-may-man-88-2.webp 455w, https:\/\/bundaumamtom.site\/wp-content\/uploads\/2025\/12\/Ve-cuoc-may-man-88-2-300x185.webp 300w\" sizes=\"(max-width: 455px) 100vw, 455px\" \/>\t\t\t\t\t\t\n\t\t\t\t\t<\/div>\n\t\t\t\t\t\t<\/a>\t\t\n<style>\n#image_122813933 {\n  width: 100%;\n}\n<\/style>\n\t<\/div>\n\t\n\n\n\t\t<\/div>\n\t\t\t\t\t<\/div>\n\n\t\n\n<\/div>\n\n\t\t<\/div>\n\n\t\t\n<style>\n#section_1619486428 {\n  padding-top: 30px;\n  padding-bottom: 30px;\n  background-color: #10192c;\n}\n#section_1619486428 .section-bg-overlay {\n  background-color: #10192c;\n}\n<\/style>\n\t<\/section>\n\t\n\n","protected":false},"excerpt":{"rendered":"","protected":false},"author":1,"featured_media":0,"parent":0,"menu_order":0,"comment_status":"closed","ping_status":"closed","template":"page-blank-landingpage.php","meta":{"footnotes":""},"class_list":["post-54","page","type-page","status-publish","hentry"],"_links":{"self":[{"href":"https:\/\/bundaumamtom.site\/index.php\/wp-json\/wp\/v2\/pages\/54","targetHints":{"allow":["GET"]}}],"collection":[{"href":"https:\/\/bundaumamtom.site\/index.php\/wp-json\/wp\/v2\/pages"}],"about":[{"href":"https:\/\/bundaumamtom.site\/index.php\/wp-json\/wp\/v2\/types\/page"}],"author":[{"embeddable":true,"href":"https:\/\/bundaumamtom.site\/index.php\/wp-json\/wp\/v2\/users\/1"}],"replies":[{"embeddable":true,"href":"https:\/\/bundaumamtom.site\/index.php\/wp-json\/wp\/v2\/comments?post=54"}],"version-history":[{"count":103,"href":"https:\/\/bundaumamtom.site\/index.php\/wp-json\/wp\/v2\/pages\/54\/revisions"}],"predecessor-version":[{"id":306,"href":"https:\/\/bundaumamtom.site\/index.php\/wp-json\/wp\/v2\/pages\/54\/revisions\/306"}],"wp:attachment":[{"href":"https:\/\/bundaumamtom.site\/index.php\/wp-json\/wp\/v2\/media?parent=54"}],"curies":[{"name":"wp","href":"https:\/\/api.w.org\/{rel}","templated":true}]}}